{"id":1726,"date":"2021-11-22T11:03:35","date_gmt":"2021-11-22T11:03:35","guid":{"rendered":"https:\/\/galeriametges.comib.com\/?page_id=1726"},"modified":"2024-04-12T09:12:31","modified_gmt":"2024-04-12T08:42:31","slug":"galeria","status":"publish","type":"page","link":"https:\/\/galeriametges.comib.com\/es\/galeria\/","title":{"rendered":"Galeria"},"content":{"rendered":"<div class=\"vc_row wpb_row vc_row-fluid\"><div class=\"wpb_column vc_column_container vc_col-sm-12\"><div class=\"vc_column-inner\"><div class=\"wpb_wrapper\"><div class=\"wikilogy-title style-3 shadow-active\"><div class=\"shadow-title\">Metges<\/div><div class=\"title-text\"><div class=\"title\">Cercar Metges<\/div><\/div><\/div><div class=\"vc_empty_space\"   style=\"height: 30px\" ><span class=\"vc_empty_space_inner\"><\/span><\/div>\n<\/div><\/div><\/div><\/div><div class=\"vc_row wpb_row vc_row-fluid vc_column-gap-35\"><div class=\"wpb_column vc_column_container vc_col-sm-6\"><div class=\"vc_column-inner\"><div class=\"wpb_wrapper\"><div class=\"letters-list style-1\"><ul><li><a href=\"https:\/\/galeriametges.comib.com\/es\/galeria\/?i=A\" >A<\/a><\/li><li><a href=\"https:\/\/galeriametges.comib.com\/es\/galeria\/?i=B\" >B<\/a><\/li><li><a href=\"https:\/\/galeriametges.comib.com\/es\/galeria\/?i=C\" >C<\/a><\/li><li><a href=\"https:\/\/galeriametges.comib.com\/es\/galeria\/?i=D\" >D<\/a><\/li><li><a href=\"https:\/\/galeriametges.comib.com\/es\/galeria\/?i=E\" >E<\/a><\/li><li><a href=\"https:\/\/galeriametges.comib.com\/es\/galeria\/?i=F\" >F<\/a><\/li><li><a href=\"https:\/\/galeriametges.comib.com\/es\/galeria\/?i=G\" >G<\/a><\/li><li><a href=\"https:\/\/galeriametges.comib.com\/es\/galeria\/?i=H\" >H<\/a><\/li><li><a href=\"https:\/\/galeriametges.comib.com\/es\/galeria\/?i=I\" >I<\/a><\/li><li><a href=\"https:\/\/galeriametges.comib.com\/es\/galeria\/?i=J\" >J<\/a><\/li><li><a href=\"https:\/\/galeriametges.comib.com\/es\/galeria\/?i=K\" >K<\/a><\/li><li><a href=\"https:\/\/galeriametges.comib.com\/es\/galeria\/?i=L\" >L<\/a><\/li><li><a href=\"https:\/\/galeriametges.comib.com\/es\/galeria\/?i=M\" >M<\/a><\/li><li><a href=\"https:\/\/galeriametges.comib.com\/es\/galeria\/?i=N\" >N<\/a><\/li><li><a href=\"https:\/\/galeriametges.comib.com\/es\/galeria\/?i=O\" >O<\/a><\/li><li><a href=\"https:\/\/galeriametges.comib.com\/es\/galeria\/?i=P\" >P<\/a><\/li><li><a href=\"https:\/\/galeriametges.comib.com\/es\/galeria\/?i=Q\" >Q<\/a><\/li><li><a href=\"https:\/\/galeriametges.comib.com\/es\/galeria\/?i=R\" >R<\/a><\/li><li><a href=\"https:\/\/galeriametges.comib.com\/es\/galeria\/?i=S\" >S<\/a><\/li><li><a href=\"https:\/\/galeriametges.comib.com\/es\/galeria\/?i=T\" >T<\/a><\/li><li><a href=\"https:\/\/galeriametges.comib.com\/es\/galeria\/?i=U\" >U<\/a><\/li><li><a href=\"https:\/\/galeriametges.comib.com\/es\/galeria\/?i=V\" >V<\/a><\/li><li><a href=\"https:\/\/galeriametges.comib.com\/es\/galeria\/?i=W\" >W<\/a><\/li><li><a href=\"https:\/\/galeriametges.comib.com\/es\/galeria\/?i=X\" >X<\/a><\/li><li><a href=\"https:\/\/galeriametges.comib.com\/es\/galeria\/?i=Y\" >Y<\/a><\/li><li><a href=\"https:\/\/galeriametges.comib.com\/es\/galeria\/?i=Z\" >Z<\/a><\/li><\/ul><\/div><div class=\"vc_empty_space\"   style=\"height: 1.7rem\" ><span class=\"vc_empty_space_inner\"><\/span><\/div>\n<ul class=\"category-list style-1\"><li><a class=\"main-title\" href=\"https:\/\/galeriametges.comib.com\/es\/galeria\/?c=389\" title=\"Activitat destacada\" >Activitat destacada<\/a><ul class=\"child-1\"><li class=\"sub-item\"><a href=\"https:\/\/galeriametges.comib.com\/es\/galeria\/?c=390\" title=\"Activista Cultural i Social\" >Activista Cultural i Social<\/a><\/li><li class=\"sub-item\"><a href=\"https:\/\/galeriametges.comib.com\/es\/galeria\/?c=392\" title=\"Alcalde\" >Alcalde<\/a><\/li><li class=\"sub-item\"><a href=\"https:\/\/galeriametges.comib.com\/es\/galeria\/?c=399\" title=\"Dirigent m\u00e8dic\" >Dirigent m\u00e8dic<\/a><\/li><li class=\"sub-item\"><a href=\"https:\/\/galeriametges.comib.com\/es\/galeria\/?c=400\" title=\"Escriptor\" >Escriptor<\/a><\/li><li class=\"sub-item\"><a href=\"https:\/\/galeriametges.comib.com\/es\/galeria\/?c=401\" title=\"Esportista\" >Esportista<\/a><\/li><li class=\"sub-item\"><a href=\"https:\/\/galeriametges.comib.com\/es\/galeria\/?c=404\" title=\"Farmac\u00e8utic\" >Farmac\u00e8utic<\/a><\/li><li class=\"sub-item\"><a href=\"https:\/\/galeriametges.comib.com\/es\/galeria\/?c=406\" title=\"Historiador\" >Historiador<\/a><\/li><li class=\"sub-item\"><a href=\"https:\/\/galeriametges.comib.com\/es\/galeria\/?c=407\" title=\"Humanista\" >Humanista<\/a><\/li><li class=\"sub-item\"><a href=\"https:\/\/galeriametges.comib.com\/es\/galeria\/?c=411\" title=\"Metge Cooperant\" >Metge Cooperant<\/a><\/li><li class=\"sub-item\"><a href=\"https:\/\/galeriametges.comib.com\/es\/galeria\/?c=414\" title=\"Naturalista (Bot\u00e0nic, Entom\u00f2leg, etc)\" >Naturalista (Bot\u00e0nic, Entom\u00f2leg, etc)<\/a><\/li><li class=\"sub-item\"><a href=\"https:\/\/galeriametges.comib.com\/es\/galeria\/?c=415\" title=\"Pol\u00edtic\" >Pol\u00edtic<\/a><\/li><li class=\"sub-item\"><a href=\"https:\/\/galeriametges.comib.com\/es\/galeria\/?c=417\" title=\"Qu\u00edmic\" >Qu\u00edmic<\/a><\/li><li class=\"sub-item\"><a href=\"https:\/\/galeriametges.comib.com\/es\/galeria\/?c=418\" title=\"Religi\u00f3s\" >Religi\u00f3s<\/a><\/li><\/ul><\/li><li><a class=\"main-title\" href=\"https:\/\/galeriametges.comib.com\/es\/galeria\/?c=30\" title=\"Especialitat\" >Especialitat<\/a><ul class=\"child-1\"><li class=\"sub-item\"><a href=\"https:\/\/galeriametges.comib.com\/es\/galeria\/?c=161\" title=\"Al\u00b7lergologia\" >Al\u00b7lergologia<\/a><\/li><li class=\"sub-item\"><a href=\"https:\/\/galeriametges.comib.com\/es\/galeria\/?c=178\" title=\"An\u00e0lisis Cl\u00edniques\" >An\u00e0lisis Cl\u00edniques<\/a><\/li><li class=\"sub-item\"><a href=\"https:\/\/galeriametges.comib.com\/es\/galeria\/?c=188\" title=\"Anatomia Patol\u00f2gica\" >Anatomia Patol\u00f2gica<\/a><\/li><li class=\"sub-item\"><a href=\"https:\/\/galeriametges.comib.com\/es\/galeria\/?c=213\" title=\"Anestesiologia i Reanimaci\u00f3\" >Anestesiologia i Reanimaci\u00f3<\/a><\/li><li class=\"sub-item\"><a href=\"https:\/\/galeriametges.comib.com\/es\/galeria\/?c=70\" title=\"Aparell Digestiu\" >Aparell Digestiu<\/a><\/li><li class=\"sub-item\"><a href=\"https:\/\/galeriametges.comib.com\/es\/galeria\/?c=116\" title=\"Cardiologia\" >Cardiologia<\/a><\/li><li class=\"sub-item\"><a href=\"https:\/\/galeriametges.comib.com\/es\/galeria\/?c=329\" title=\"Cirugia Cardiovascular\" >Cirugia Cardiovascular<\/a><\/li><li class=\"sub-item\"><a href=\"https:\/\/galeriametges.comib.com\/es\/galeria\/?c=330\" title=\"Cirugia de l'aparell digestiu\" >Cirugia de l&#039;aparell digestiu<\/a><\/li><li class=\"sub-item\"><a href=\"https:\/\/galeriametges.comib.com\/es\/galeria\/?c=331\" title=\"Cirugia General\" >Cirugia General<\/a><\/li><li class=\"sub-item\"><a href=\"https:\/\/galeriametges.comib.com\/es\/galeria\/?c=337\" title=\"Dermatologia medicoquir\u00fargica i venereologia\" >Dermatologia medicoquir\u00fargica i venereologia<\/a><\/li><li class=\"sub-item\"><a href=\"https:\/\/galeriametges.comib.com\/es\/galeria\/?c=340\" title=\"Epidemiologia\" >Epidemiologia<\/a><\/li><li class=\"sub-item\"><a href=\"https:\/\/galeriametges.comib.com\/es\/galeria\/?c=341\" title=\"Estomatologia\" >Estomatologia<\/a><\/li><li class=\"sub-item\"><a href=\"https:\/\/galeriametges.comib.com\/es\/galeria\/?c=343\" title=\"Fisiologia\" >Fisiologia<\/a><\/li><li class=\"sub-item\"><a href=\"https:\/\/galeriametges.comib.com\/es\/galeria\/?c=346\" title=\"Hematologia i hemoter\u00e0pia\" >Hematologia i hemoter\u00e0pia<\/a><\/li><li class=\"sub-item\"><a href=\"https:\/\/galeriametges.comib.com\/es\/galeria\/?c=352\" title=\"Medicina del treball\" >Medicina del treball<\/a><\/li><li class=\"sub-item\"><a href=\"https:\/\/galeriametges.comib.com\/es\/galeria\/?c=355\" title=\"Medicina General\" >Medicina General<\/a><\/li><li class=\"sub-item\"><a href=\"https:\/\/galeriametges.comib.com\/es\/galeria\/?c=357\" title=\"Medicina interna\" >Medicina interna<\/a><\/li><li class=\"sub-item\"><a href=\"https:\/\/galeriametges.comib.com\/es\/galeria\/?c=358\" title=\"Medicina legal i forense\" >Medicina legal i forense<\/a><\/li><li class=\"sub-item\"><a href=\"https:\/\/galeriametges.comib.com\/es\/galeria\/?c=360\" title=\"Medicina Preventiva i Salut P\u00fablica\" >Medicina Preventiva i Salut P\u00fablica<\/a><\/li><li class=\"sub-item\"><a href=\"https:\/\/galeriametges.comib.com\/es\/galeria\/?c=361\" title=\"Metge Militar\" >Metge Militar<\/a><\/li><li class=\"sub-item\"><a href=\"https:\/\/galeriametges.comib.com\/es\/galeria\/?c=362\" title=\"Metges de Tractaments Complementaris\" >Metges de Tractaments Complementaris<\/a><\/li><li class=\"sub-item\"><a href=\"https:\/\/galeriametges.comib.com\/es\/galeria\/?c=364\" title=\"Nefrologia\" >Nefrologia<\/a><\/li><li class=\"sub-item\"><a href=\"https:\/\/galeriametges.comib.com\/es\/galeria\/?c=365\" title=\"Neurocirurgia\" >Neurocirurgia<\/a><\/li><li class=\"sub-item\"><a href=\"https:\/\/galeriametges.comib.com\/es\/galeria\/?c=367\" title=\"Neurologia\" >Neurologia<\/a><\/li><li class=\"sub-item\"><a href=\"https:\/\/galeriametges.comib.com\/es\/galeria\/?c=368\" title=\"Neuropsiquiatria\" >Neuropsiquiatria<\/a><\/li><li class=\"sub-item\"><a href=\"https:\/\/galeriametges.comib.com\/es\/galeria\/?c=371\" title=\"Obstetr\u00edcia i Ginecologia\" >Obstetr\u00edcia i Ginecologia<\/a><\/li><li class=\"sub-item\"><a href=\"https:\/\/galeriametges.comib.com\/es\/galeria\/?c=372\" title=\"Odontologia\" >Odontologia<\/a><\/li><li class=\"sub-item\"><a href=\"https:\/\/galeriametges.comib.com\/es\/galeria\/?c=373\" title=\"Oftalmologia\" >Oftalmologia<\/a><\/li><li class=\"sub-item\"><a href=\"https:\/\/galeriametges.comib.com\/es\/galeria\/?c=374\" title=\"Oncologia m\u00e8dica\" >Oncologia m\u00e8dica<\/a><\/li><li class=\"sub-item\"><a href=\"https:\/\/galeriametges.comib.com\/es\/galeria\/?c=375\" title=\"Oncologia radioter\u00e0pica\" >Oncologia radioter\u00e0pica<\/a><\/li><li class=\"sub-item\"><a href=\"https:\/\/galeriametges.comib.com\/es\/galeria\/?c=376\" title=\"Otorinolaringologia (ORL)\" >Otorinolaringologia (ORL)<\/a><\/li><li class=\"sub-item\"><a href=\"https:\/\/galeriametges.comib.com\/es\/galeria\/?c=378\" title=\"Pediatria\" >Pediatria<\/a><\/li><li class=\"sub-item\"><a href=\"https:\/\/galeriametges.comib.com\/es\/galeria\/?c=379\" title=\"Pneumologia\" >Pneumologia<\/a><\/li><li class=\"sub-item\"><a href=\"https:\/\/galeriametges.comib.com\/es\/galeria\/?c=380\" title=\"Psiquiatria\" >Psiquiatria<\/a><\/li><li class=\"sub-item\"><a href=\"https:\/\/galeriametges.comib.com\/es\/galeria\/?c=383\" title=\"Radiologia\" >Radiologia<\/a><\/li><li class=\"sub-item\"><a href=\"https:\/\/galeriametges.comib.com\/es\/galeria\/?c=387\" title=\"Traumatologia\" >Traumatologia<\/a><\/li><\/ul><\/li><li><a class=\"main-title\" href=\"https:\/\/galeriametges.comib.com\/es\/galeria\/?c=27\" title=\"G\u00e8nere\" >G\u00e8nere<\/a><ul class=\"child-1\"><li class=\"sub-item\"><a href=\"https:\/\/galeriametges.comib.com\/es\/galeria\/?c=145\" title=\"Mascul\u00ed\" >Mascul\u00ed<\/a><\/li><\/ul><\/li><li><a class=\"main-title\" href=\"https:\/\/galeriametges.comib.com\/es\/galeria\/?c=49\" title=\"Illa\" >Illa<\/a><ul class=\"child-1\"><li class=\"sub-item\"><a href=\"https:\/\/galeriametges.comib.com\/es\/galeria\/?c=421\" title=\"Eivissa-Formentera\" >Eivissa-Formentera<\/a><\/li><li class=\"sub-item\"><a href=\"https:\/\/galeriametges.comib.com\/es\/galeria\/?c=419\" title=\"Mallorca\" >Mallorca<\/a><\/li><li class=\"sub-item\"><a href=\"https:\/\/galeriametges.comib.com\/es\/galeria\/?c=420\" title=\"Menorca\" >Menorca<\/a><\/li><\/ul><\/li><li><a class=\"main-title\" href=\"https:\/\/galeriametges.comib.com\/es\/galeria\/?c=31\" title=\"Segle\" >Segle<\/a><ul class=\"child-1\"><li class=\"sub-item\"><a href=\"https:\/\/galeriametges.comib.com\/es\/galeria\/?c=427\" title=\"XIII\" >XIII<\/a><\/li><li class=\"sub-item\"><a href=\"https:\/\/galeriametges.comib.com\/es\/galeria\/?c=428\" title=\"XIV\" >XIV<\/a><\/li><li class=\"sub-item\"><a href=\"https:\/\/galeriametges.comib.com\/es\/galeria\/?c=433\" title=\"XIX\" >XIX<\/a><\/li><li class=\"sub-item\"><a href=\"https:\/\/galeriametges.comib.com\/es\/galeria\/?c=429\" title=\"XV\" >XV<\/a><\/li><li class=\"sub-item\"><a href=\"https:\/\/galeriametges.comib.com\/es\/galeria\/?c=430\" title=\"XVI\" >XVI<\/a><\/li><li class=\"sub-item\"><a href=\"https:\/\/galeriametges.comib.com\/es\/galeria\/?c=431\" title=\"XVII\" >XVII<\/a><\/li><li class=\"sub-item\"><a href=\"https:\/\/galeriametges.comib.com\/es\/galeria\/?c=432\" title=\"XVIII\" >XVIII<\/a><\/li><li class=\"sub-item\"><a href=\"https:\/\/galeriametges.comib.com\/es\/galeria\/?c=434\" title=\"XX\" >XX<\/a><\/li><li class=\"sub-item\"><a href=\"https:\/\/galeriametges.comib.com\/es\/galeria\/?c=435\" title=\"XXI\" >XXI<\/a><\/li><\/ul><\/li><\/ul><div class=\"vc_empty_space\"   style=\"height: 2.308rem\" ><span class=\"vc_empty_space_inner\"><\/span><\/div>\n<\/div><\/div><\/div><div class=\"fixed-sidebar wpb_column vc_column_container vc_col-sm-6\"><div class=\"vc_column-inner\"><div class=\"wpb_wrapper\"><div class=\"vc_empty_space\"   style=\"height: 50px\" ><span class=\"vc_empty_space_inner\"><\/span><\/div>\n<div class=\"content-list column-2 style-6\"><div class=\"item\"><div class=\"post-list-styles post-list-style-6\"><div class=\"content\"><div class=\"title\"><a href=\"https:\/\/galeriametges.comib.com\/es\/content\/aguilo-aguilo-pedro\/\" title=\"Aguil\u00f3 Aguil\u00f3, Pedro\">Aguil\u00f3 Aguil\u00f3, Pedro<\/a><\/div><\/div><\/div><\/div><div class=\"item\"><div class=\"post-list-styles post-list-style-6\"><div class=\"content\"><div class=\"title\"><a href=\"https:\/\/galeriametges.comib.com\/es\/content\/aguilo-cortes-mariano\/\" title=\"Aguil\u00f3 Cort\u00e9s, Mariano\">Aguil\u00f3 Cort\u00e9s, Mariano<\/a><\/div><\/div><\/div><\/div><div class=\"item\"><div class=\"post-list-styles post-list-style-6\"><div class=\"content\"><div class=\"title\"><a href=\"https:\/\/galeriametges.comib.com\/es\/content\/aguilo-forteza-guillermo\/\" title=\"Aguil\u00f3 Forteza, Guillermo\">Aguil\u00f3 Forteza, Guillermo<\/a><\/div><\/div><\/div><\/div><div class=\"item\"><div class=\"post-list-styles post-list-style-6\"><div class=\"content\"><div class=\"title\"><a href=\"https:\/\/galeriametges.comib.com\/es\/content\/aguilo-mercader-gonzalo\/\" title=\"Aguil\u00f3 Mercader, Gonzalo\">Aguil\u00f3 Mercader, Gonzalo<\/a><\/div><\/div><\/div><\/div><div class=\"item\"><div class=\"post-list-styles post-list-style-6\"><div class=\"content\"><div class=\"title\"><a href=\"https:\/\/galeriametges.comib.com\/es\/content\/enrique-alabern-saez\/\" title=\"Alabern S\u00e1ez, Enrique\">Alabern S\u00e1ez, Enrique<\/a><\/div><\/div><\/div><\/div><div class=\"item\"><div class=\"post-list-styles post-list-style-6\"><div class=\"content\"><div class=\"title\"><a href=\"https:\/\/galeriametges.comib.com\/es\/content\/alastuey-pruneda-antonio\/\" title=\"Alastuey Pruneda, Antonio\">Alastuey Pruneda, Antonio<\/a><\/div><\/div><\/div><\/div><div class=\"item\"><div class=\"post-list-styles post-list-style-6\"><div class=\"content\"><div class=\"title\"><a href=\"https:\/\/galeriametges.comib.com\/es\/content\/alcover-sureda-pedro\/\" title=\"Alcover Sureda, Pedro\">Alcover Sureda, Pedro<\/a><\/div><\/div><\/div><\/div><div class=\"item\"><div class=\"post-list-styles post-list-style-6\"><div class=\"content\"><div class=\"title\"><a href=\"https:\/\/galeriametges.comib.com\/es\/content\/aledo-amat-joan\/\" title=\"Aledo Amat, Joan\">Aledo Amat, Joan<\/a><\/div><\/div><\/div><\/div><div class=\"item\"><div class=\"post-list-styles post-list-style-6\"><div class=\"content\"><div class=\"title\"><a href=\"https:\/\/galeriametges.comib.com\/es\/content\/francesc-alemany-rossello\/\" title=\"Alemany Rossell\u00f3, Francesc\">Alemany Rossell\u00f3, Francesc<\/a><\/div><\/div><\/div><\/div><div class=\"item\"><div class=\"post-list-styles post-list-style-6\"><div class=\"content\"><div class=\"title\"><a href=\"https:\/\/galeriametges.comib.com\/es\/content\/alemany-vich-luis\/\" title=\"Alemany Vich, Luis\">Alemany Vich, Luis<\/a><\/div><\/div><\/div><\/div><div class=\"item\"><div class=\"post-list-styles post-list-style-6\"><div class=\"content\"><div class=\"title\"><a href=\"https:\/\/galeriametges.comib.com\/es\/content\/alemany-antoni\/\" title=\"Alemany, Antoni\">Alemany, Antoni<\/a><\/div><\/div><\/div><\/div><div class=\"item\"><div class=\"post-list-styles post-list-style-6\"><div class=\"content\"><div class=\"title\"><a href=\"https:\/\/galeriametges.comib.com\/es\/content\/almodovar-y-ruiz-bravo-antonio\/\" title=\"Almod\u00f3var y Ruiz Bravo, Antonio\">Almod\u00f3var y Ruiz Bravo, Antonio<\/a><\/div><\/div><\/div><\/div><div class=\"item\"><div class=\"post-list-styles post-list-style-6\"><div class=\"content\"><div class=\"title\"><a href=\"https:\/\/galeriametges.comib.com\/es\/content\/alomar-barbarin-antonio-ignacio\/\" title=\"Alomar Barbar\u00edn, Antonio Ignacio\">Alomar Barbar\u00edn, Antonio Ignacio<\/a><\/div><\/div><\/div><\/div><div class=\"item\"><div class=\"post-list-styles post-list-style-6\"><div class=\"content\"><div class=\"title\"><a href=\"https:\/\/galeriametges.comib.com\/es\/content\/antonio-alorda-servera\/\" title=\"Alorda Servera, Antonio\">Alorda Servera, Antonio<\/a><\/div><\/div><\/div><\/div><div class=\"item\"><div class=\"post-list-styles post-list-style-6\"><div class=\"content\"><div class=\"title\"><a href=\"https:\/\/galeriametges.comib.com\/es\/content\/alorda-suner-juan\/\" title=\"Alorda Su\u00f1er, Juan\">Alorda Su\u00f1er, Juan<\/a><\/div><\/div><\/div><\/div><div class=\"item\"><div class=\"post-list-styles post-list-style-6\"><div class=\"content\"><div class=\"title\"><a href=\"https:\/\/galeriametges.comib.com\/es\/content\/alou-bernat-pedro\/\" title=\"Alou Bernat, Pedro\">Alou Bernat, Pedro<\/a><\/div><\/div><\/div><\/div><div class=\"item\"><div class=\"post-list-styles post-list-style-6\"><div class=\"content\"><div class=\"title\"><a href=\"https:\/\/galeriametges.comib.com\/es\/content\/julian-alvarez-alanar\/\" title=\"\u00c1lvarez Ala\u00f1ar, Juli\u00e1n\">\u00c1lvarez Ala\u00f1ar, Juli\u00e1n<\/a><\/div><\/div><\/div><\/div><div class=\"item\"><div class=\"post-list-styles post-list-style-6\"><div class=\"content\"><div class=\"title\"><a href=\"https:\/\/galeriametges.comib.com\/es\/content\/alzina-melis-juan\/\" title=\"Alzina Melis, Juan\">Alzina Melis, Juan<\/a><\/div><\/div><\/div><\/div><div class=\"item\"><div class=\"post-list-styles post-list-style-6\"><div class=\"content\"><div class=\"title\"><a href=\"https:\/\/galeriametges.comib.com\/es\/content\/alzina-vilallonga-jordi\/\" title=\"Alzina Vilallonga, Jordi\">Alzina Vilallonga, Jordi<\/a><\/div><\/div><\/div><\/div><div class=\"item\"><div class=\"post-list-styles post-list-style-6\"><div class=\"content\"><div class=\"title\"><a href=\"https:\/\/galeriametges.comib.com\/es\/content\/amengual-sebastian\/\" title=\"Amengual, Sebasti\u00e1n\">Amengual, Sebasti\u00e1n<\/a><\/div><\/div><\/div><\/div><div class=\"item\"><div class=\"post-list-styles post-list-style-6\"><div class=\"content\"><div class=\"title\"><a href=\"https:\/\/galeriametges.comib.com\/es\/content\/andreu-juan\/\" title=\"Andreu, Juan\">Andreu, Juan<\/a><\/div><\/div><\/div><\/div><div class=\"item\"><div class=\"post-list-styles post-list-style-6\"><div class=\"content\"><div class=\"title\"><a href=\"https:\/\/galeriametges.comib.com\/es\/content\/anguera-sanso-bartolome\/\" title=\"Anguera Sans\u00f3, Bartolom\u00e9\">Anguera Sans\u00f3, Bartolom\u00e9<\/a><\/div><\/div><\/div><\/div><div class=\"item\"><div class=\"post-list-styles post-list-style-6\"><div class=\"content\"><div class=\"title\"><a href=\"https:\/\/galeriametges.comib.com\/es\/content\/antich-gil-jesus\/\" title=\"Antich Gil, Jes\u00fas\">Antich Gil, Jes\u00fas<\/a><\/div><\/div><\/div><\/div><div class=\"item\"><div class=\"post-list-styles post-list-style-6\"><div class=\"content\"><div class=\"title\"><a href=\"https:\/\/galeriametges.comib.com\/es\/content\/antich-rojas-jose-luis\/\" title=\"Antich Rojas, Jos\u00e9 Luis\">Antich Rojas, Jos\u00e9 Luis<\/a><\/div><\/div><\/div><\/div><div class=\"item\"><div class=\"post-list-styles post-list-style-6\"><div class=\"content\"><div class=\"title\"><a href=\"https:\/\/galeriametges.comib.com\/es\/content\/arabi-pedro-jose\/\" title=\"Arabi, Pedro Jos\u00e9\">Arabi, Pedro Jos\u00e9<\/a><\/div><\/div><\/div><\/div><div class=\"item\"><div class=\"post-list-styles post-list-style-6\"><div class=\"content\"><div class=\"title\"><a href=\"https:\/\/galeriametges.comib.com\/es\/content\/aris-garcia-jose\/\" title=\"Ar\u00eds Garc\u00eda, Jose\">Ar\u00eds Garc\u00eda, Jose<\/a><\/div><\/div><\/div><\/div><div class=\"item\"><div class=\"post-list-styles post-list-style-6\"><div class=\"content\"><div class=\"title\"><a href=\"https:\/\/galeriametges.comib.com\/es\/content\/aristoy-santo-francisco\/\" title=\"Aristoy Santo, Francisco\">Aristoy Santo, Francisco<\/a><\/div><\/div><\/div><\/div><div class=\"item\"><div class=\"post-list-styles post-list-style-6\"><div class=\"content\"><div class=\"title\"><a href=\"https:\/\/galeriametges.comib.com\/es\/content\/armengol-matias\/\" title=\"Armengol, Mat\u00edas\">Armengol, Mat\u00edas<\/a><\/div><\/div><\/div><\/div><div class=\"item\"><div class=\"post-list-styles post-list-style-6\"><div class=\"content\"><div class=\"title\"><a href=\"https:\/\/galeriametges.comib.com\/es\/content\/azpeleta-gelabert-cesar\/\" title=\"Azpeleta Gelabert, C\u00e9sar\">Azpeleta Gelabert, C\u00e9sar<\/a><\/div><\/div><\/div><\/div><div class=\"item\"><div class=\"post-list-styles post-list-style-6\"><div class=\"content\"><div class=\"title\"><a href=\"https:\/\/galeriametges.comib.com\/es\/content\/bacci-ballerini-fernando\/\" title=\"Bacci Ballerini, Fernando\">Bacci Ballerini, Fernando<\/a><\/div><\/div><\/div><\/div><div class=\"item\"><div class=\"post-list-styles post-list-style-6\"><div class=\"content\"><div class=\"title\"><a href=\"https:\/\/galeriametges.comib.com\/es\/content\/balenchana-joan-andreu\/\" title=\"Balenchana, Joan Andreu\">Balenchana, Joan Andreu<\/a><\/div><\/div><\/div><\/div><div class=\"item\"><div class=\"post-list-styles post-list-style-6\"><div class=\"content\"><div class=\"title\"><a href=\"https:\/\/galeriametges.comib.com\/es\/content\/joan-ballester-moragues\/\" title=\"Ballester Moragues, Joan\">Ballester Moragues, Joan<\/a><\/div><\/div><\/div><\/div><div class=\"item\"><div class=\"post-list-styles post-list-style-6\"><div class=\"content\"><div class=\"title\"><a href=\"https:\/\/galeriametges.comib.com\/es\/content\/ramon-ballester-noguera\/\" title=\"Ballester Noguera, Ramon\">Ballester Noguera, Ramon<\/a><\/div><\/div><\/div><\/div><div class=\"item\"><div class=\"post-list-styles post-list-style-6\"><div class=\"content\"><div class=\"title\"><a href=\"https:\/\/galeriametges.comib.com\/es\/content\/bals-cardona-joan\/\" title=\"Bals Cardona, Joan\">Bals Cardona, Joan<\/a><\/div><\/div><\/div><\/div><div class=\"item\"><div class=\"post-list-styles post-list-style-6\"><div class=\"content\"><div class=\"title\"><a href=\"https:\/\/galeriametges.comib.com\/es\/content\/barcelo-combis-francesc\/\" title=\"Barcel\u00f3 Combis, Francesc\">Barcel\u00f3 Combis, Francesc<\/a><\/div><\/div><\/div><\/div><div class=\"item\"><div class=\"post-list-styles post-list-style-6\"><div class=\"content\"><div class=\"title\"><a href=\"https:\/\/galeriametges.comib.com\/es\/content\/barcelo-gomila-francisco\/\" title=\"Barcel\u00f3 Gomila, Francisco\">Barcel\u00f3 Gomila, Francisco<\/a><\/div><\/div><\/div><\/div><div class=\"item\"><div class=\"post-list-styles post-list-style-6\"><div class=\"content\"><div class=\"title\"><a href=\"https:\/\/galeriametges.comib.com\/es\/content\/barcelo-ramon-sebastian\/\" title=\"Barcel\u00f3 Ram\u00f3n, Sebasti\u00e1n\">Barcel\u00f3 Ram\u00f3n, Sebasti\u00e1n<\/a><\/div><\/div><\/div><\/div><div class=\"item\"><div class=\"post-list-styles post-list-style-6\"><div class=\"content\"><div class=\"title\"><a href=\"https:\/\/galeriametges.comib.com\/es\/content\/barcelo-tomas-jose\/\" title=\"Barcel\u00f3 Tom\u00e1s, Jos\u00e9\">Barcel\u00f3 Tom\u00e1s, Jos\u00e9<\/a><\/div><\/div><\/div><\/div><div class=\"item\"><div class=\"post-list-styles post-list-style-6\"><div class=\"content\"><div class=\"title\"><a href=\"https:\/\/galeriametges.comib.com\/es\/content\/barcelo-miguel-2\/\" title=\"Barcel\u00f3, Miguel\">Barcel\u00f3, Miguel<\/a><\/div><\/div><\/div><\/div><div class=\"item\"><div class=\"post-list-styles post-list-style-6\"><div class=\"content\"><div class=\"title\"><a href=\"https:\/\/galeriametges.comib.com\/es\/content\/barcelo-pedro-nicolas\/\" title=\"Barcel\u00f3, Pedro Nicol\u00e1s\">Barcel\u00f3, Pedro Nicol\u00e1s<\/a><\/div><\/div><\/div><\/div><\/div><nav class=\"post-pagination\"><ul class='page-numbers'>\n\t<li><span aria-current=\"page\" class=\"page-numbers current\">1<\/span><\/li>\n\t<li><a class=\"page-numbers\" href=\"https:\/\/galeriametges.comib.com\/es\/wp-json\/wp\/v2\/pages\/1726\/page\/2\/\">2<\/a><\/li>\n\t<li><a class=\"page-numbers\" href=\"https:\/\/galeriametges.comib.com\/es\/wp-json\/wp\/v2\/pages\/1726\/page\/3\/\">3<\/a><\/li>\n\t<li><span class=\"page-numbers dots\">&hellip;<\/span><\/li>\n\t<li><a class=\"page-numbers\" href=\"https:\/\/galeriametges.comib.com\/es\/wp-json\/wp\/v2\/pages\/1726\/page\/8\/\">8<\/a><\/li>\n\t<li><a class=\"next page-numbers\" href=\"https:\/\/galeriametges.comib.com\/es\/wp-json\/wp\/v2\/pages\/1726\/page\/2\/\">Next<\/a><\/li>\n<\/ul>\n<\/nav><\/div><\/div><\/div><\/div>","protected":false},"excerpt":{"rendered":"Barcel\u00f3, Pedro Nicol\u00e1s BIOGRAFIA Socio de n\u00famero de la Academia M\u00e9dico-Pr\u00e1ctica de Mallorca, en 1797 result\u00f3 elegido vicepresidente de la corporaci\u00f3n, cargo que ocup\u00f3 hasta 1799. Junto con Francisco Alemany redact\u00f3 la memoria Ensayo sobre si puede ser o no perjudicial a la salud el iesso que se pone en el vino, le\u00edda en 1798....","protected":false},"author":1,"featured_media":0,"parent":0,"menu_order":0,"comment_status":"closed","ping_status":"closed","template":"","meta":{"footnotes":""},"class_list":["post-1726","page","type-page","status-publish","hentry"],"_links":{"self":[{"href":"https:\/\/galeriametges.comib.com\/es\/wp-json\/wp\/v2\/pages\/1726","targetHints":{"allow":["GET"]}}],"collection":[{"href":"https:\/\/galeriametges.comib.com\/es\/wp-json\/wp\/v2\/pages"}],"about":[{"href":"https:\/\/galeriametges.comib.com\/es\/wp-json\/wp\/v2\/types\/page"}],"author":[{"embeddable":true,"href":"https:\/\/galeriametges.comib.com\/es\/wp-json\/wp\/v2\/users\/1"}],"replies":[{"embeddable":true,"href":"https:\/\/galeriametges.comib.com\/es\/wp-json\/wp\/v2\/comments?post=1726"}],"version-history":[{"count":13,"href":"https:\/\/galeriametges.comib.com\/es\/wp-json\/wp\/v2\/pages\/1726\/revisions"}],"predecessor-version":[{"id":2359,"href":"https:\/\/galeriametges.comib.com\/es\/wp-json\/wp\/v2\/pages\/1726\/revisions\/2359"}],"wp:attachment":[{"href":"https:\/\/galeriametges.comib.com\/es\/wp-json\/wp\/v2\/media?parent=1726"}],"curies":[{"name":"wp","href":"https:\/\/api.w.org\/{rel}","templated":true}]}}