{"id":1766,"date":"2021-11-23T07:49:03","date_gmt":"2021-11-23T07:49:03","guid":{"rendered":"https:\/\/galeriametges.comib.com\/?page_id=1766"},"modified":"2024-04-12T09:24:23","modified_gmt":"2024-04-12T08:54:23","slug":"presentacio","status":"publish","type":"page","link":"https:\/\/galeriametges.comib.com\/es\/presentacio\/","title":{"rendered":"Presentaci\u00f3"},"content":{"rendered":"<div class=\"vc_row wpb_row vc_row-fluid\"><div class=\"wpb_column vc_column_container vc_col-sm-12\"><div class=\"vc_column-inner\"><div class=\"wpb_wrapper\"><div class=\"wikilogy-title style-2 shadow-active\"><div class=\"shadow-title\">Presentaci\u00f3<\/div><div class=\"title-text\"><div class=\"text\">Dr. Antoni Bennasar Arb\u00f3s, Director executiu de la Fundaci\u00f3 Patronat Cient\u00edfic<\/div><div class=\"title\">Presentaci\u00f3<\/div><\/div><\/div><div class=\"vc_empty_space\"   style=\"height: 32px\" ><span class=\"vc_empty_space_inner\"><\/span><\/div>\n<\/div><\/div><\/div><\/div><div class=\"vc_row wpb_row vc_row-fluid\"><div class=\"wpb_column vc_column_container vc_col-sm-12\"><div class=\"vc_column-inner\"><div class=\"wpb_wrapper\">\n\t<div class=\"wpb_text_column wpb_content_element  vc_custom_1670934987966\" >\n\t\t<div class=\"wpb_wrapper\">\n\t\t\t<p><img loading=\"lazy\" decoding=\"async\" class=\"size-medium alignleft\" src=\"https:\/\/www.comib.com\/wp-content\/uploads\/2020\/10\/Antoni-Bennasar-325.jpg\" width=\"325\" height=\"411\" \/><\/p>\n<p>Des de la nit dels temps l&#8217;art de la medicina, l&#8217;acte de la sanaci\u00f3 o de la curaci\u00f3 ha vingut lligada sempre al desenvolupament de la societat mateixa. I la nostra societat balear, \u00e9s a dir la unitat territorial de les cinc illes que conformen la nostra comunitat, no ha defugit a n\u2019aquest desenvolupament.<\/p>\n<p>La medicina pret\u00e8cnica, primitiva o prehist\u00f2rica ja des del segle V a. C. comen\u00e7a a mostrar a les nostres illes testimoniatges reveladors d&#8217;intents de curaci\u00f3. Les trepanacions neol\u00edtiques i preromanes s\u00f3n els primers intents documentats fefaents d&#8217;aix\u00f2, els estilets i sondes trobats en m\u00faltiples jaciments s\u00f3n la prova irrefutable de la progressi\u00f3 t\u00e8cnica assolida.<\/p>\n<p>Des de Marco-Licinio Filomuso natural de Pollentia que passa per ser el primer metge conegut, seguint pels metges \u00e0rabs, els cirurgians barbers que acompanyaven a la marina d&#8217;Arag\u00f3, els metges regis que servien als reis de la corona, els metges jueus, la figura cabdal del mateix Ram\u00f3n Llull, els poc documentats metges i cirurgians de entre els segles XIII al XVI, encara que amb figures excelses com Dami\u00e0 Carb\u00f3, seguint amb els metges dels segles successius fins als nostres dies, han estat moltes les figures que han destacat en el panorama m\u00e8dic balear i amb aquesta intenci\u00f3 ha nascut aquesta iniciativa.<\/p>\n<p>La recopilaci\u00f3 pret\u00e9n evocar la mem\u00f2ria dels metges Balears, nascuts o no a les illes per\u00f2 que van desenvolupar la seva professi\u00f3 aqu\u00ed, distingits per una activitat professional destacada. Metges brillants per\u00f2 sovint discrets que han exercit en les nostres Illes i que demostra absolutament que aquesta ha estat i segueix sent una gran terra de metges.<\/p>\n<p>En general tots aquests personatges han tingut durant la seva vida el reconeixement entre els seus coetanis o de la pr\u00f2pia societat. Alguns romanen en la mem\u00f2ria col\u00b7lectiva, per\u00f2 molts altres han passat a l&#8217;oblit malgrat les seves aportacions i recorregut professional.<\/p>\n<p>Aquesta web pret\u00e9n ser informativa i entretinguda alhora descrivint els aspectes biogr\u00e0fics m\u00e9s notables d&#8217;aquests metges, relacionant les seves aportacions cient\u00edfiques i al mateix temps donant un perfil hum\u00e0, no sols professional sin\u00f3 personal i, fins i tot, familiar, revelant detalls que hagin pogut passar desapercebuts pr\u00e8viament i que puguin ser d\u2019inter\u00e8s del lector.<\/p>\n<p>Tamb\u00e9 intenta ser una web din\u00e0mica i participativa. Cada biografia est\u00e0 realitzada per un redactor i visada per un comit\u00e8 editorial i un comit\u00e8 cient\u00edfic, per\u00f2 al mateix temps s&#8217;ofereix la possibilitat d&#8217;anar augmentant el bagatge biogr\u00e0fic o de coneixement del metge mitjan\u00e7ant l&#8217;aportaci\u00f3 personal d&#8217;informaci\u00f3 o de material gr\u00e0fic via electr\u00f2nica que ser\u00e0 valorat per a la seva posterior inclusi\u00f3.<\/p>\n<p>La iniciativa de la Galeria de Metges de les illes Balears parteix de l\u2019idea inicial del Col\u00b7legi de Metges de Barcelona amb la seva, ja descomunal, \u2018Galeria de Metges Catalans\u2019 \u00a0fruit de les sinergies entre el Patronat Cient\u00edfic del Col\u00b7legi de Metges de les Illes Balears i la Reial Acad\u00e8mia de Medicina de les Illes Balears. En aquest punt vull destacar la important\u00edssima aportaci\u00f3 realitzada pel doctor Ferran Tolosa Caban\u00ed qui durant aquests anys \u00faltims ha treballat en un elevat nombre de biografies i del doctor Teo Cabanes com a estilet imprescindible de la posada en marxa la la Galeria.<\/p>\n<p>No vull oblidar aqu\u00ed les cabdals contribucions a la historia de la medicina balear dels Drs. Rodr\u00edguez Tejerina, Contreras Mas, Tom\u00e1s Monserrat i altres autors com \u00a0el magn\u00edfic recopilatori fet fa uns anys a l\u2019Enciclopedia pr\u00e1ctica de medicina y salud de Baleares dirigida pel Dr. Bartomeu Beltr\u00e1n i editada per Hora Nova que ens han servit com a fonts de consulta i de inspiraci\u00f3 en aquesta tasca.<\/p>\n<p>La Galeria tamb\u00e9 contindr\u00e0 un compendi de les institucions que han estat al servei sociosanitari de les nostres illes, aprofundir\u00e0 en el seu coneixement i el seu estatus hist\u00f2ric. Complementar\u00e0 perfectament el marc biogr\u00e0fic del metges relacionats.<\/p>\n<p>Confiem que aquesta p\u00e0gina serveixi per a demostrar i reivindicar la gran feina dels professionals de la medicina balear que durant m\u00e9s de 3 mil\u00b7lennis han procurat el benestar de la nostra gent en les facetes de curar, consolar, ajudar a un bon morir i que a l\u2019hora representaran a tots aquells que per raons obvies no hi apareixeran. Desitjo que vos agradi i, el m\u00e9s important, que hi col\u00b7laboreu.<\/p>\n<p>&nbsp;<\/p>\n<p><strong>Antoni Bennasar Arb\u00f3s<\/strong><\/p>\n<p><strong>Director Executiu Patronat Cient\u00edfic COMIB<\/strong><\/p>\n\n\t\t<\/div>\n\t<\/div>\n<\/div><\/div><\/div><\/div>","protected":false},"excerpt":{"rendered":"Presentaci\u00f3Dr. Antoni Bennasar Arb\u00f3s, Director executiu de la Fundaci\u00f3 Patronat Cient\u00edficPresentaci\u00f3 Des de la nit dels temps l'art de la medicina, l'acte de la sanaci\u00f3 o de la curaci\u00f3 ha vingut lligada sempre al desenvolupament de la societat mateixa. I la nostra societat balear, \u00e9s a dir la unitat territorial de les cinc illes que...","protected":false},"author":1,"featured_media":0,"parent":0,"menu_order":0,"comment_status":"closed","ping_status":"closed","template":"","meta":{"footnotes":""},"class_list":["post-1766","page","type-page","status-publish","hentry"],"_links":{"self":[{"href":"https:\/\/galeriametges.comib.com\/es\/wp-json\/wp\/v2\/pages\/1766","targetHints":{"allow":["GET"]}}],"collection":[{"href":"https:\/\/galeriametges.comib.com\/es\/wp-json\/wp\/v2\/pages"}],"about":[{"href":"https:\/\/galeriametges.comib.com\/es\/wp-json\/wp\/v2\/types\/page"}],"author":[{"embeddable":true,"href":"https:\/\/galeriametges.comib.com\/es\/wp-json\/wp\/v2\/users\/1"}],"replies":[{"embeddable":true,"href":"https:\/\/galeriametges.comib.com\/es\/wp-json\/wp\/v2\/comments?post=1766"}],"version-history":[{"count":20,"href":"https:\/\/galeriametges.comib.com\/es\/wp-json\/wp\/v2\/pages\/1766\/revisions"}],"predecessor-version":[{"id":2389,"href":"https:\/\/galeriametges.comib.com\/es\/wp-json\/wp\/v2\/pages\/1766\/revisions\/2389"}],"wp:attachment":[{"href":"https:\/\/galeriametges.comib.com\/es\/wp-json\/wp\/v2\/media?parent=1766"}],"curies":[{"name":"wp","href":"https:\/\/api.w.org\/{rel}","templated":true}]}}