{"id":1770,"date":"2021-11-23T07:57:28","date_gmt":"2021-11-23T07:57:28","guid":{"rendered":"https:\/\/galeriametges.comib.com\/?page_id=1770"},"modified":"2024-04-12T09:24:36","modified_gmt":"2024-04-12T08:54:36","slug":"redactors","status":"publish","type":"page","link":"https:\/\/galeriametges.comib.com\/es\/redactors\/","title":{"rendered":"Redactors"},"content":{"rendered":"<div class=\"vc_row wpb_row vc_row-fluid\"><div class=\"wpb_column vc_column_container vc_col-sm-12\"><div class=\"vc_column-inner\"><div class=\"wpb_wrapper\"><div class=\"wikilogy-title style-2 shadow-active\"><div class=\"shadow-title\">Redactors<\/div><div class=\"title-text\"><div class=\"title\">Els nostres redactors<\/div><\/div><\/div><div class=\"vc_empty_space\"   style=\"height: 50px\" ><span class=\"vc_empty_space_inner\"><\/span><\/div>\n<\/div><\/div><\/div><\/div><div class=\"vc_row wpb_row vc_row-fluid\"><div class=\"wpb_column vc_column_container vc_col-sm-12\"><div class=\"vc_column-inner\"><div class=\"wpb_wrapper\"><div class=\"vc_tta-container\" data-vc-action=\"collapse\"><div class=\"vc_general vc_tta vc_tta-accordion vc_tta-color-white vc_tta-style-modern vc_tta-shape-rounded vc_tta-o-shape-group vc_tta-controls-align-left\"><div class=\"vc_tta-panels-container\"><div class=\"vc_tta-panels\"><div class=\"vc_tta-panel\" id=\"1637654317428-a7d6ccfb-889e\" data-vc-content=\".vc_tta-panel-body\"><div class=\"vc_tta-panel-heading\"><h4 class=\"vc_tta-panel-title vc_tta-controls-icon-position-left\"><a href=\"#1637654317428-a7d6ccfb-889e\" data-vc-accordion data-vc-container=\".vc_tta-container\"><span class=\"vc_tta-title-text\">Antoni Bennasar Arb\u00f3s (A.B.A)<\/span><i class=\"vc_tta-controls-icon vc_tta-controls-icon-chevron\"><\/i><\/a><\/h4><\/div><div class=\"vc_tta-panel-body\">\n\t<div class=\"wpb_text_column wpb_content_element\" >\n\t\t<div class=\"wpb_wrapper\">\n\t\t\t<p><strong>Antoni Bennasar Arb\u00f3s<\/strong>, neix a Inca el 1 de Juny de l\u2019any 1963. Es llic\u00e8ncia en Medicina i Cirurgia a la Universitat Aut\u00f2noma de Barcelona el 1.988. Cursa la residencia al Servei de Cirurgia Ortop\u00e8dica i Traumatologia del Dr. Eduardo Jord\u00e0 a l\u2019Hospital Universitari de Son Dureta, acaba al l\u2019any 1995. Des de llavores ha treballat en l\u2019\u00e0mbit de la medicina p\u00fablica i privada. Des de 2.007 es Cap de Servei de Traumatologia del Hospital Comarcal d\u2019Inca. Lligat des de la carrera a les Joventuts M\u00e8diques de Catalunya i Balears va ser l\u2019impulsor de la creaci\u00f3 de la Joventut M\u00e8dica Balear, secci\u00f3 que es va inaugurar a Palma l\u2019any 1.988 contant amb la pres\u00e8ncia del Dr. Marius Foz.<\/p>\n<p>A l\u2019any 1.994 comen\u00e7a la seva participaci\u00f3 activa en el Col\u00b7legi Oficial de Metges de les Illes Balears ocupant la Vocalia de Metges Joves. Ha ocupat diferents c\u00e0rrecs, Vocalia de Metges d\u2019Hospital, de Medicina Extrahospitalaria, Vicepresid\u00e8ncia, \u00a0acabant assolint la Presid\u00e8ncia del Col\u00b7legi l\u2019any 2.010 que perllong\u00e0 per 4 anys m\u00e9s l\u2019any 2.014, fins l\u2019any 2.018. Des de l\u2019any 2.020 ocupa la Direcci\u00f3 Executiva de la Fundaci\u00f3 Patronat Cient\u00edfic del propi COMIB. Ha estat President de la Associaci\u00f3 Balear de Cirurgia Ortop\u00e8dica i Traumatologia ABCOT (2.011-2.013). Membre de la Comissi\u00f3 Nacional de l\u2019especialitat de Traumatologia i Cirurgia Ortop\u00e8dica (2.012-2.016). Organitzador de cursos i congressos de l\u2019especialitat. Es, actualment, Vocal Nacional de la Sociedad Espa\u00f1ola de Traumatologia del Deporte SETRADE i Colegiado de Honor Nacional amb medalla d\u2019Argent de la Organizaci\u00f3n M\u00e9dica Colegial.<\/p>\n<p>(ABA)<\/p>\n\n\t\t<\/div>\n\t<\/div>\n<\/div><\/div><div class=\"vc_tta-panel\" id=\"1637654627945-916eff90-5c2e\" data-vc-content=\".vc_tta-panel-body\"><div class=\"vc_tta-panel-heading\"><h4 class=\"vc_tta-panel-title vc_tta-controls-icon-position-left\"><a href=\"#1637654627945-916eff90-5c2e\" data-vc-accordion data-vc-container=\".vc_tta-container\"><span class=\"vc_tta-title-text\">Joaquim Boronat Rom (J.B.R)<\/span><i class=\"vc_tta-controls-icon vc_tta-controls-icon-chevron\"><\/i><\/a><\/h4><\/div><div class=\"vc_tta-panel-body\">\n\t<div class=\"wpb_text_column wpb_content_element\" >\n\t\t<div class=\"wpb_wrapper\">\n\t\t\t<p>Neix a Mont-roig del Camp (prov\u00edncia de Tarragona) el 10 de setembre de 1944. Estudia la ensenyan\u00e7a prim\u00e0ria al mateix poble i la secundaria a l\u2019 Institut Gaud\u00ed de Reus. El 1961 es trasllada a Barcelona per a seguir estudis de Medicina a la Facultat de Medicina de la Universitat Central. Finalitza la carrera el 1967 amb un excel\u00b7lent a l\u2019Examen de Grau de Llicenciatura. Durant l\u2019 any seg\u00fcent cursa les assignatures de doctorat. L\u2019 any 1969 s\u2019 incorpora al Servei de Cirurgia Ortop\u00e8dica de l\u2019 Hospital del Sagrat Cor de Barcelona que dirigeix el Dr Angel Santos Palazzi Duarte ( 1909-1993), on hi roman fins l\u2019 any 1975. \u00a0L\u2019 any 1971, li concedeixen una beca per a visitar <em>\u201c l\u2019 Istituto di cl\u00ednica ortop\u00e9dica di Padova<\/em>\u201d que dirigeix el professor Calogero Casuccio (1909, Villaga di Vicenza- 2003, Pieve di Cadore, It\u00e0lia).\u00a0 Participo en les activitats di\u00e0ries del servei a consultes externes, quir\u00f2fan, sala d\u2019 urg\u00e8ncies i d\u2019 hospitalitzaci\u00f3<\/p>\n<p>Estades a Davos i a l\u2019 Hospital Insel de Berna, Su\u00efssa amb el professor Maurice M\u00fcller (1918, Biel-2009, Berna, Su\u00efssa) especialment amb la finalitat d aprendre les t\u00e8cniques AO de l\u2019 osteos\u00edntesi<\/p>\n<p>L\u2019 any 1985 guanyo una beca de l\u2019 AO Internacional per a assistir com a metge adscrit a l\u2019 hospital Felix Platter de Basilea, amb el professor Erwin Morscher (1930-2003, Basilea, Su\u00efssa).<\/p>\n<p>Estada a Viena amb el professor Karl Zweymuller (1941-2009, Viena, \u00c0ustria), en el Orthopaedic clinic of the University of Viena; amb el professor Spottorno a Varigotti (It\u00e0lia); estada a l\u2019 Hospital Enry Mondor (Paris) amb el professor Philippe Hernigou; amb el professor Freeman a Londres; amb el professor Wagner a Nuremberg<\/p>\n<p>Durant aquest per\u00edode obt\u00e9 el T\u00edtols Oficials en les especialitats de Cirurgia Ortop\u00e8dica i Traumatologia (1971) i Rehabilitaci\u00f3 (1979). Paral\u00b7lelament treballa privadament a la Seguretat Social, a la Cl\u00ednica La Alian\u00e7a i en diverses M\u00fatues\u00a0 d\u2019 accidents de treball i de tr\u00e0nsit. L\u2019 any 1975 es trasllada a Palma de Mallorca despr\u00e9s de d\u2019 obtenir una pla\u00e7a de metge adjunt en el recent creat Servei de TCO dirigit pel Dr Eduard Jord\u00e0 Lopez. L\u2019 any 1986 es transferit a l\u2019Hospital de Sant Joan de Deu en comissi\u00f3 de serveis i l\u2019 any 1995 entra a formar part del personal laboral d\u2019 aquest centre. El 2001 passo a ser Responsable i Cap de l\u2019 Equip de TCO del H. Sant Joan de Deu fins la meva jubilaci\u00f3 el 2011. L\u2019 any 2018 llegeixo la meva Tesi doctoral a la Universitat de les Illes Balears<\/p>\n<p>Altrament exerceixo la medicina privada en diverses entitats : Centre Mater Misericordiae, Mutua Universal i el meu gabinet i despatx privat \u00a0fins el 2014 , any en que deixo la medicina cl\u00ednica i oriento els meus interessos devers la Historia de la medicina i altres iniciatives acad\u00e8miques<\/p>\n<p>Membre de les societats SECOT, ABCOT i SECCA. President de la ABCOT durant el periode2009-2011 ,Membre del IUNICS<\/p>\n<p><strong>J.B.R.<\/strong><\/p>\n\n\t\t<\/div>\n\t<\/div>\n<\/div><\/div><div class=\"vc_tta-panel\" id=\"1637654632676-9828fbc6-e2c8\" data-vc-content=\".vc_tta-panel-body\"><div class=\"vc_tta-panel-heading\"><h4 class=\"vc_tta-panel-title vc_tta-controls-icon-position-left\"><a href=\"#1637654632676-9828fbc6-e2c8\" data-vc-accordion data-vc-container=\".vc_tta-container\"><span class=\"vc_tta-title-text\">Manel Herrera Savall (M.H.S)<\/span><i class=\"vc_tta-controls-icon vc_tta-controls-icon-chevron\"><\/i><\/a><\/h4><\/div><div class=\"vc_tta-panel-body\">\n\t<div class=\"wpb_text_column wpb_content_element\" >\n\t\t<div class=\"wpb_wrapper\">\n\t\t\t<p><strong>Manuel Herrera\u00a0 Savall. <\/strong>Neix\u00a0 (nascut) a Barcelona\u00a0 al\u00a0 1942. Estudis batxillerat\u00a0 als\u00a0 Escolapis\u00a0 Col\u00b7legi\u00a0 Nostra Senyora\u00a0 Escoles Pies de\u00a0 Barcelona.\u00a0 Llicenciat\u00a0\u00a0 en Medicina i Cirurgia\u00a0 per\u00a0 la UB al\u00a0 1966.\u00a0 Doctor Medicina al\u00a0 1993 per la\u00a0 UAB\u00a0 amb la Tesi : <em>Utilitat\u00a0 de la Tomografia Computarizada en\u00a0 las\u00a0 diversas patolog\u00edas que afectan al ni\u00f1o. \u201cExperiencia i resultados\u00a0 de 2000 exploraciones\u00a0 sucesivas\u00a0 realizadas en\u00a0 las Illes\u00a0 Balears\u201d <\/em>al\u00a0 1993. T\u00edtol\u00a0 Supervisor\u00a0 Radiodiagn\u00f2stic\u00a0 expedit\u00a0 per CIEMAT\u00a0 (Centro de Investigaciones Energ\u00e9ticas Medioambientales y Tecnol\u00f3gicas\u00a0 al 1991. Llicenciat en Hist\u00f2ria (UIB) al 2014.<\/p>\n<p>Estudis Escola Professional\u00a0 Pediatria UB\u00a0 ( Prof. Cruz Hern\u00e1ndez) als anys 1967-1968). Especialista\u00a0\u00a0 Radioelectrologia- Radiodiagn\u00f2stic\u00a0 expedit\u00a0 al 1973.\u00a0\u00a0 Des de 1969 al 1983 successivament Resident, Metge adjunt i Cap de Secci\u00f3\u00a0 de Radiologia Infantil al Hospital\u00a0 Matern-Infantil\u00a0 Vall d\u2019Hebron\u00a0 de Barcelona\u00a0 ( Cap de Pediatria: \u00c0ngel Ballabriga Aguado i Caps de Radiologia Infantil:\u00a0 Antonio Dom\u00e8nech Clar\u00f3s i Xavier Lucaya Layret). Cap de Secci\u00f3 Radiodiagn\u00f2stic\u00a0 al Hospital Germans\u00a0\u00a0 Trias i Pujol\u00a0 de Badalona\u00a0 durant 1984-1985. Cap de Secci\u00f3 HSD (Hospital Son Dureta ) de Palma, adscrit al Hospital\u00a0\u00a0 Matern Infantil,\u00a0 des de 1986 al 2007 (Cap Servei Julio Marcos).\u00a0\u00a0 Metge encarregat\u00a0 de diverses\u00a0 classes\u00a0 pr\u00e0ctiques de\u00a0 Doctorat i\u00a0 alumnes Escoles\u00a0 Professionals\u00a0 Pediatria i\u00a0 Cirurgia Pedi\u00e0trica\u00a0 del Hospital\u00a0 M.I.\u00a0 Vall d\u2019Hebron i\u00a0\u00a0 al Servei Pediatria de Son Dureta .\u00a0 Vicesecretari\u00a0 i President\u00a0 de l\u2019Associaci\u00f3 de\u00a0 Radiologia, Electrologia i Medicina Nuclear de ACM i delegat regional de la SERAM (Sociedad Espa\u00f1ola de Radiologia Medica) de\u00a0 1979 a 1982.\u00a0\u00a0 Fou dels fundadors i President\u00a0 de la SERPE\u00a0 (Sociedad\u00a0 de Radiolog\u00eda Pedi\u00e1trica Espa\u00f1ola) al 2005-2007. Coordinador del 10\u00e8 curs de la SERPE\u00a0 a Palma AL 2007.\u00a0\u00a0 Professor de classes pr\u00e0ctiques\u00a0\u00a0 de l\u2019Escola Professional de T\u00e8cnics de Radiodiagn\u00f2stic per la Imatge\u00a0 del\u00a0 Institut\u00a0 J. Llompart de Palma\u00a0 del 2001 al 2011. Va rebre\u00a0 el premi\u00a0 Soci de Honor de la APE (Asociaci\u00f3n Espa\u00f1ola de Pediatria) al 2014<\/p>\n\n\t\t<\/div>\n\t<\/div>\n<\/div><\/div><div class=\"vc_tta-panel\" id=\"1637654626378-9d680d4f-1354\" data-vc-content=\".vc_tta-panel-body\"><div class=\"vc_tta-panel-heading\"><h4 class=\"vc_tta-panel-title vc_tta-controls-icon-position-left\"><a href=\"#1637654626378-9d680d4f-1354\" data-vc-accordion data-vc-container=\".vc_tta-container\"><span class=\"vc_tta-title-text\">Teo Cabanes Mart\u00edn (T.C.M)<\/span><i class=\"vc_tta-controls-icon vc_tta-controls-icon-chevron\"><\/i><\/a><\/h4><\/div><div class=\"vc_tta-panel-body\">\n\t<div class=\"wpb_text_column wpb_content_element\" >\n\t\t<div class=\"wpb_wrapper\">\n\t\t\t<p><strong>Teo Cabanes Mart\u00edn<\/strong><\/p>\n<p>Nacido 23 de noviembre de 1951 en Barcelona. Licenciado en Medicina y Cirug\u00eda por la Facultad de Medicina de la Universidad de Salamanca 1979. Especialista en Medicina de la Educaci\u00f3n F\u00edsica y el Deporte por la Facultad de Medicina de la Universidad de Barcelona 1991. Doctor por la Universidad de las Palmas de Gran Canarias 2006. Coordinador del Servicio de Medicina del Deporte del Consell de Mallorca desde 1998 a 2017. M\u00e9dico de la Federaci\u00f3n Espa\u00f1ola de Ciclismo, habiendo participado en quince mundiales y dos Olimpiadas (Se\u00fal 1998 y Barcelona 1992). M\u00e9dico del equipo de Voleibol Son Amar, Drac Palma, P\u00f3rtol. Can Ventura y ahora Urbia Energia de la Super liga desde 1999.<\/p>\n<p>Expresidente y fundador de la Asociaci\u00f3n Balear de Especialistas en Medicina de la Educaci\u00f3n F\u00edsica y el Deporte ABEME. Exsecretario y fundador de la Federaci\u00f3n Espa\u00f1ola de Medicina del Deporte FEMEDE. 1985. Miembro de la Junta de Gobierno del Colegio Oficial de M\u00e9dicos de las Islas Baleares. 2010. Vocal Regional de los m\u00e9dicos de las Administraciones P\u00fablicas del Colegio Oficial de M\u00e9dicos de las Islas Baleares desde 2010-2018. Vocal Regional de los m\u00e9dicos jubilados desde junio 2018. Agente oficial antidopaje de la Agencia Espa\u00f1ola de protecci\u00f3n de la Salud (APSAD).<\/p>\n<p>Publicaci\u00f3n de quince libros de Medicina del Deporte. Colaboraciones en programas de radio y televisi\u00f3n local, as\u00ed como revistas de \u00e1mbito local y nacional de la Medicina del Deporte. Ponente y asistente en m\u00faltiples Congresos, jornadas y cursos nacionales e internacionales.<\/p>\n\n\t\t<\/div>\n\t<\/div>\n<\/div><\/div><div class=\"vc_tta-panel\" id=\"1649414394382-2300c563-cc20\" data-vc-content=\".vc_tta-panel-body\"><div class=\"vc_tta-panel-heading\"><h4 class=\"vc_tta-panel-title vc_tta-controls-icon-position-left\"><a href=\"#1649414394382-2300c563-cc20\" data-vc-accordion data-vc-container=\".vc_tta-container\"><span class=\"vc_tta-title-text\">Joan March Noguera (J.M.N)<\/span><i class=\"vc_tta-controls-icon vc_tta-controls-icon-chevron\"><\/i><\/a><\/h4><\/div><div class=\"vc_tta-panel-body\">\n\t<div class=\"wpb_text_column wpb_content_element\" >\n\t\t<div class=\"wpb_wrapper\">\n\t\t\t<p>Joan March Noguera. Doctor en Farm\u00e0cia de la Reial Acad\u00e8mia de Medicina de les Illes Balears i de l\u2019Institut d\u2019Estudis Menorquins.<\/p>\n<p>(J.M.N)<\/p>\n\n\t\t<\/div>\n\t<\/div>\n<\/div><\/div><div class=\"vc_tta-panel\" id=\"1649414435234-0bafe2a4-0d62\" data-vc-content=\".vc_tta-panel-body\"><div class=\"vc_tta-panel-heading\"><h4 class=\"vc_tta-panel-title vc_tta-controls-icon-position-left\"><a href=\"#1649414435234-0bafe2a4-0d62\" data-vc-accordion data-vc-container=\".vc_tta-container\"><span class=\"vc_tta-title-text\">Miquel \u00c0ngel Lim\u00f3n (M.A.L)<\/span><i class=\"vc_tta-controls-icon vc_tta-controls-icon-chevron\"><\/i><\/a><\/h4><\/div><div class=\"vc_tta-panel-body\">\n\t<div class=\"wpb_text_column wpb_content_element\" >\n\t\t<div class=\"wpb_wrapper\">\n\t\t\t<p><strong>Miquel \u00c0ngel Lim\u00f3n Pons<\/strong><\/p>\n<p><strong>\u00a0<\/strong>Nat a Alaior (Menorca, 1957), llicenciat en Ci\u00e8ncies de la Informaci\u00f3 per la Universitat Aut\u00f2noma de Barcelona (1980), i doctor en Periodisme per la Complutense de Madrid (2013). Membre numerari de l\u2019Institut Menorqu\u00ed d\u2019Estudis (IME)\u00a0 des de 2001, organisme de recerca en el si del qual ha ocupat la presid\u00e8ncia del seu Consell Cient\u00edfic (2017-2020). Tamb\u00e9 \u00e9s membre corresponent de la Reial Acad\u00e8mia de Medicina de les Illes Balears (2003), en reconeixement a un seguit d\u2019estudis sobre metges i hist\u00f2ria de la Medicina a l\u2019illa de Menorca. Des de la fundaci\u00f3, \u00e9s professor de la Universitat Oberta de Majors de Menorca (UOM); i tamb\u00e9 ha actuat com a professor associat de la Universitat de les Illes Balears (Extensi\u00f3 de Menorca), centre docent en el qual ha impartit una assignatura relativa a la Teoria del Patrimoni, les Arts aplicada a Menorca i els itineraris culturals i naturals.<\/p>\n<p>\u00c9s autor de 10 llibres (a m\u00e9s d\u2019altres dos en curs d\u2019edici\u00f3 ara mateix) i 25 monografies d\u2019hist\u00f2ria i cultura de Menorca. Ha pronunciat 94 confer\u00e8ncies, tamb\u00e9 relacionades amb mat\u00e8ries de cultura menorquina, en llocs tan diversos com Menorca, Barcelona, Palma, Buenos Aires, Girona o Prada de Conflent. Compte amb una extensa participaci\u00f3 en congressos, seminaris i jornades d\u2019estudi.<\/p>\n<p>La vocaci\u00f3 intel\u00b7lectual pel m\u00f3n de la cultura l\u2019ha portat a estar vinculat, a vegades com a directiu i a vegades com a simple soci, a les principals entitats culturals de l\u2019illa: Ateneu de Ma\u00f3 (on ha estat vicepresident primer sis anys), Cercle Art\u00edstic de Ciutadella, Obra Cultural de Menorca, Fundaci\u00f3 de l\u2019Enciclop\u00e8dia de Menorca), Centre d\u2019Estudis Locals del F\u00f2rum Tercer Mil\u00b7lenni d\u2019Alaior, Fundaci\u00f3 Rubi\u00f3 i Tudur\u00ed Andr\u00f3maco, o l\u2019Associaci\u00f3 d\u2019Amics de l\u2019Arxiduc Llu\u00eds Salvador, de Palma, entre d\u2019altres.<\/p>\n\n\t\t<\/div>\n\t<\/div>\n<\/div><\/div><div class=\"vc_tta-panel\" id=\"1649414499724-232b0af0-90ad\" data-vc-content=\".vc_tta-panel-body\"><div class=\"vc_tta-panel-heading\"><h4 class=\"vc_tta-panel-title vc_tta-controls-icon-position-left\"><a href=\"#1649414499724-232b0af0-90ad\" data-vc-accordion data-vc-container=\".vc_tta-container\"><span class=\"vc_tta-title-text\">Antonio Ruiz Az\u00faa<\/span><i class=\"vc_tta-controls-icon vc_tta-controls-icon-chevron\"><\/i><\/a><\/h4><\/div><div class=\"vc_tta-panel-body\">\n\t<div class=\"wpb_text_column wpb_content_element\" >\n\t\t<div class=\"wpb_wrapper\">\n\t\t\t<p><strong>Antonio Ruiz de Az\u00faa Mercadal<\/strong>, nascut a Barcelona el 7 de juliol de 1955. \u00c9s llicenciat en Ci\u00e8ncies Biol\u00f2giques (1980) per la Universitat de Barcelona i llicenciat en Medicina i Cirurgia (1983) per la mateixa Universitat Tamb\u00e9 \u00e9s metge puericultor diplomat per l\u2019Escola Nacional de Puericultura del Ministeri de Sanitat i Consum (1986) i diplomat en Geriatria per la Societat Catalano-Balear de Geriatria i Gerontologia (1988).<\/p>\n<p>Des del 1985 exerceix la medicina general, ortop\u00e8dica i manual a Barcelona. El 1987 va exercir com a metge de medicina general a l\u2019ambulatori de Sant Andreu de Barcelona (Institut Catal\u00e0 de la Salut). Del 1987 al 1996 va treballar com a metge assessor a PUZZLE S. A., ag\u00e8ncia de publicitat especialitzada en la ind\u00fastria farmac\u00e8utica. Del 1990 al 2000 va formar part del servei d\u2019urg\u00e8ncies i tractament d\u2019accidents laborals de Reddis Uni\u00f3 Mutual a Barcelona. I des del 2011 \u00e9s revisor i autor d\u2019articles de divulgaci\u00f3 sanit\u00e0ria al grup editorial RBA.<\/p>\n<p>Del 2004 al 2007 ha estat membre del Grup Barcelona de Medicina Ortop\u00e8dica i Manual (GBMOIM), col\u00b7laborant com a professor al programa de formaci\u00f3 m\u00e8dica cont\u00ednua que es va desenvolupar a diverses ciutats espanyoles. L\u2019any 2008 va impartir a l\u2019Institut del Teatre de la Diputaci\u00f3 de Barcelona el curs \u201cBases neurofisiol\u00f2giques del moviment\u201d. Del 2004 al 2007 va formar part del professorat de la Diplomatura de \u201cPeritatge Grafopsicol\u00f2gic, Grafoan\u00e0lisis i Tests Projectius Gr\u00e0fics\u201d de la Universitat Aut\u00f2noma de Barcelona.<\/p>\n<p>A m\u00e9s d\u2019escriure articles de divulgaci\u00f3 sanit\u00e0ria a revistes del grup editorial RBA i a diverses d\u2019estrangeres sobre psicologia de l\u2019escriptura i neurologia, des del 2017 col\u00b7labora al diari <em>Menorca<\/em> amb articles d\u2019hist\u00f2ria local. Actualment, treballa a la redacci\u00f3 del \u201cDiccionari biogr\u00e0fic de sanitaris menorquins: De l\u2019Edat Mitjana a la Guerra Civil Espanyola\u201d.<\/p>\n\n\t\t<\/div>\n\t<\/div>\n<\/div><\/div><div class=\"vc_tta-panel\" id=\"1637654627945-916eff90-5c2k\" data-vc-content=\".vc_tta-panel-body\"><div class=\"vc_tta-panel-heading\"><h4 class=\"vc_tta-panel-title vc_tta-controls-icon-position-left\"><a href=\"#1637654627945-916eff90-5c2k\" data-vc-accordion data-vc-container=\".vc_tta-container\"><span class=\"vc_tta-title-text\">Juanjo S\u00e1nchez<\/span><i class=\"vc_tta-controls-icon vc_tta-controls-icon-chevron\"><\/i><\/a><\/h4><\/div><div class=\"vc_tta-panel-body\">\n\t<div class=\"wpb_text_column wpb_content_element\" >\n\t\t<div class=\"wpb_wrapper\">\n\t\t\t<p>Responsable de comunicaci\u00f3 del Col\u00b7legi Oficial de Metges de les Illes Balears.<\/p>\n\n\t\t<\/div>\n\t<\/div>\n<\/div><\/div><\/div><\/div><\/div><\/div>\n\t<div class=\"wpb_text_column wpb_content_element\" >\n\t\t<div class=\"wpb_wrapper\">\n\t\t\t\n\t\t<\/div>\n\t<\/div>\n<\/div><\/div><\/div><\/div>","protected":false},"excerpt":{"rendered":"RedactorsEls nostres redactors Antoni Bennasar Arb\u00f3s (A.B.A) Antoni Bennasar Arb\u00f3s, neix a Inca el 1 de Juny de l\u2019any 1963. Es llic\u00e8ncia en Medicina i Cirurgia a la Universitat Aut\u00f2noma de Barcelona el 1.988. Cursa la residencia al Servei de Cirurgia Ortop\u00e8dica i Traumatologia del Dr. Eduardo Jord\u00e0 a l\u2019Hospital Universitari de Son Dureta, acaba...","protected":false},"author":1,"featured_media":0,"parent":0,"menu_order":0,"comment_status":"closed","ping_status":"closed","template":"","meta":{"footnotes":""},"class_list":["post-1770","page","type-page","status-publish","hentry"],"_links":{"self":[{"href":"https:\/\/galeriametges.comib.com\/es\/wp-json\/wp\/v2\/pages\/1770","targetHints":{"allow":["GET"]}}],"collection":[{"href":"https:\/\/galeriametges.comib.com\/es\/wp-json\/wp\/v2\/pages"}],"about":[{"href":"https:\/\/galeriametges.comib.com\/es\/wp-json\/wp\/v2\/types\/page"}],"author":[{"embeddable":true,"href":"https:\/\/galeriametges.comib.com\/es\/wp-json\/wp\/v2\/users\/1"}],"replies":[{"embeddable":true,"href":"https:\/\/galeriametges.comib.com\/es\/wp-json\/wp\/v2\/comments?post=1770"}],"version-history":[{"count":32,"href":"https:\/\/galeriametges.comib.com\/es\/wp-json\/wp\/v2\/pages\/1770\/revisions"}],"predecessor-version":[{"id":2398,"href":"https:\/\/galeriametges.comib.com\/es\/wp-json\/wp\/v2\/pages\/1770\/revisions\/2398"}],"wp:attachment":[{"href":"https:\/\/galeriametges.comib.com\/es\/wp-json\/wp\/v2\/media?parent=1770"}],"curies":[{"name":"wp","href":"https:\/\/api.w.org\/{rel}","templated":true}]}}